{"id":26,"date":"2021-06-07T13:16:48","date_gmt":"2021-06-07T11:16:48","guid":{"rendered":"https:\/\/www.psychotherapie-cheban-scheele.de\/?page_id=26"},"modified":"2023-01-22T18:16:35","modified_gmt":"2023-01-22T17:16:35","slug":"datenschutz","status":"publish","type":"page","link":"https:\/\/www.psychotherapie-cheban-scheele.de\/russisch\/datenschutz\/","title":{"rendered":"Datenschutz"},"content":{"rendered":"<div data-elementor-type=\"wp-page\" data-elementor-id=\"26\" class=\"elementor elementor-26\">\n\t\t\t\t\t\t\t\t\t<section class=\"elementor-section elementor-top-section elementor-element elementor-element-8a0a873 elementor-section-boxed elementor-section-height-default elementor-section-height-default\" data-id=\"8a0a873\" data-element_type=\"section\" data-settings=\"{&quot;background_background&quot;:&quot;classic&quot;}\">\n\t\t\t\t\t\t<div class=\"elementor-container elementor-column-gap-default\">\n\t\t\t\t\t<div class=\"elementor-column elementor-col-100 elementor-top-column elementor-element elementor-element-ecb01a7\" data-id=\"ecb01a7\" data-element_type=\"column\">\n\t\t\t<div class=\"elementor-widget-wrap elementor-element-populated\">\n\t\t\t\t\t\t\t\t<div class=\"elementor-element elementor-element-a8b101d elementor-widget elementor-widget-heading\" data-id=\"a8b101d\" data-element_type=\"widget\" data-widget_type=\"heading.default\">\n\t\t\t\t<div class=\"elementor-widget-container\">\n\t\t\t<h2 class=\"elementor-heading-title elementor-size-default\">\u0417\u0430\u0449\u0438\u0442\u0430 \u0434\u0430\u043d\u043d\u044b\u0445<\/h2>\t\t<\/div>\n\t\t\t\t<\/div>\n\t\t\t\t<div class=\"elementor-element elementor-element-f51e993 elementor-widget-divider--view-line elementor-invisible elementor-widget elementor-widget-divider\" data-id=\"f51e993\" data-element_type=\"widget\" data-settings=\"{&quot;_animation&quot;:&quot;fadeInUp&quot;}\" data-widget_type=\"divider.default\">\n\t\t\t\t<div class=\"elementor-widget-container\">\n\t\t\t\t\t<div class=\"elementor-divider\">\n\t\t\t<span class=\"elementor-divider-separator\">\n\t\t\t\t\t\t<\/span>\n\t\t<\/div>\n\t\t\t\t<\/div>\n\t\t\t\t<\/div>\n\t\t\t\t<div class=\"elementor-element elementor-element-8d75129 elementor-widget elementor-widget-text-editor\" data-id=\"8d75129\" data-element_type=\"widget\" data-widget_type=\"text-editor.default\">\n\t\t\t\t<div class=\"elementor-widget-container\">\n\t\t\t\t\t\t\t<p><strong>Sehr geehrte Patienten meiner Praxis<\/strong>,<\/p><p>der Schutz Ihrer personenbezogenen Daten ist mir wichtig. Nach der EU-Datenschutz-Grundverordnung (DSGVO) bin ich verpflichtet, Sie dar\u00fcber zu informieren, zu welchem Zweck unsere Praxis Daten erhebt, speichert oder weiterleitet. Der Information k\u00f6nnen Sie auch entnehmen, welche Rechte Sie in puncto Datenschutz haben.<\/p><p><strong>VERANTWORTLICHKEIT F\u00dcR DIE DATENVERARBEITUNG<\/strong><\/p><p>Verantwortlich f\u00fcr die Datenverarbeitung ist:\u00a0<\/p><p>\u0427\u0430\u0441\u0442\u043d\u0430\u044f \u043f\u0441\u0438\u0445\u043e\u0442\u0435\u0440\u0430\u043f\u0435\u0432\u0442\u0438\u0447\u0435\u0441\u043a\u0430\u044f \u043f\u0440\u0430\u043a\u0442\u0438\u043a\u0430 \u0432 \u0411\u0435\u0440\u0433\u0438\u0448-\u0413\u043b\u0430\u0434\u0431\u0430\u0445\u0435<\/p><p>Alte Poststr. 2, 51545 Waldbr\u00f6l<\/p><p>Helena Cheban-Scheele, +49 (0) 178 506 602 2, psychprax2011@yahoo.de<\/p><p><strong>ZWECK DER DATENVERARBEITUNG<\/strong><\/p><p>Die Datenverarbeitung erfolgt aufgrund gesetzlicher Vorgaben, um den Behandlungsvertrag zwischen Ihnen und Ihrem Arzt und die damit verbundenen Pflichten zu erf\u00fcllen.\u00a0<\/p><p>Hierzu verarbeiten wir Ihre personenbezogenen Daten, insbesondere Ihre Gesundheitsdaten. Dazu z\u00e4hlen Anamnesen, Diagnosen, Therapievorschl\u00e4ge und Befunde, die wir oder andere \u00c4rzte erheben. Zu diesen Zwecken k\u00f6nnen uns auch andere \u00c4rzte oder Psychotherapeuten, bei denen Sie in Behandlung sind, Daten zur Verf\u00fcgung stellen (z.B. in Arztbriefen).\u00a0<\/p><p>Die Erhebung von Gesundheitsdaten ist Voraussetzung f\u00fcr Ihre Behandlung. Werden die notwendigen Informationen nicht bereitgestellt, kann eine sorgf\u00e4ltige Behandlung nicht erfolgen.\u00a0<\/p><p><strong>EMPF\u00c4NGER IHRER DATEN<\/strong><\/p><p>Wir \u00fcbermitteln Ihre personenbezogenen Daten nur dann an Dritte, wenn dies gesetzlich erlaubt ist oder Sie eingewilligt haben.\u00a0<\/p><p>Empf\u00e4nger Ihrer personenbezogenen Daten k\u00f6nnen vor allem andere \u00c4rzte \/ Psychotherapeuten, Kassen\u00e4rztliche Vereinigungen, Krankenkassen, der Medizinische Dienst der Krankenversicherung, \u00c4rztekammern und privat\u00e4rztliche Verrechnungsstellen sein.\u00a0<\/p><p>Die \u00dcbermittlung erfolgt \u00fcberwiegend zum Zwecke der Abrechnung der bei Ihnen erbrachten Leistungen, zur Kl\u00e4rung von medizinischen und sich aus Ihrem Versicherungsverh\u00e4ltnis ergebenden Fragen. Im Einzelfall erfolgt die \u00dcbermittlung von Daten an weitere berechtigte Empf\u00e4nger.<\/p><p><strong>SPEICHERUNG IHRER DATEN<\/strong><\/p><p>Wir bewahren Ihre personenbezogenen Daten nur solange auf, wie dies f\u00fcr die Durchf\u00fchrung der Behandlung erforderlich ist.\u00a0<\/p><p>Aufgrund rechtlicher Vorgaben sind wir dazu verpflichtet, diese Daten mindestens 10 Jahre nach Abschluss der Behandlung aufzubewahren. Nach anderen Vorschriften k\u00f6nnen sich l\u00e4ngere Aufbewahrungsfristen ergeben, zum Beispiel 30 Jahre bei R\u00f6ntgenaufzeichnungen laut Paragraf 28 Absatz 3 der R\u00f6ntgenverordnung.<\/p><p><strong>IHRE RECHTE\u00a0<\/strong><\/p><p>Sie haben das Recht, \u00fcber die Sie betreffenden personenbezogenen Daten Auskunft zu erhalten. Auch k\u00f6nnen Sie die Berichtigung unrichtiger Daten verlangen.<\/p><p>Dar\u00fcber hinaus steht Ihnen unter bestimmten Voraussetzungen das Recht auf L\u00f6schung von Daten, das Recht auf Einschr\u00e4nkung der Datenverarbeitung sowie das Recht auf Daten\u00fcbertragbarkeit zu.<\/p><p>Die Verarbeitung Ihrer Daten erfolgt auf Basis von gesetzlichen Regelungen. Nur in Ausnahmef\u00e4llen ben\u00f6tigen wir Ihr Einverst\u00e4ndnis. In diesen F\u00e4llen haben Sie das Recht, die Einwilligung f\u00fcr die zuk\u00fcnftige Verarbeitung zu widerrufen.<\/p><p>Sie haben ferner das Recht, sich bei der zust\u00e4ndigen Aufsichtsbeh\u00f6rde f\u00fcr den Datenschutz zu beschweren, wenn Sie der Ansicht sind, dass die Verarbeitung Ihrer personenbezogenen Daten nicht rechtm\u00e4\u00dfig erfolgt.<\/p><p><strong>DATENERFASSUNG AUF UNSERER WEBSITE<\/strong><\/p><p><strong>Cookies<\/strong><\/p><p>Die Internetseiten verwenden teilweise so genannte Cookies. Cookies richten auf Ihrem Rechner keinen Schaden an und enthalten keine Viren. Cookies dienen dazu, unser Angebot nutzerfreundlicher, effektiver und sicherer zu machen. Cookies sind kleine Textdateien, die auf Ihrem Rechner abgelegt werden und die Ihr Browser speichert.<\/p><p>Die meisten der von uns verwendeten Cookies sind so genannte \u201cSession-Cookies\u201d. Sie werden nach Ende Ihres Besuchs automatisch gel\u00f6scht. Andere Cookies bleiben auf Ihrem Endger\u00e4t gespeichert bis Sie diese l\u00f6schen. Diese Cookies erm\u00f6glichen es uns, Ihren Browser beim n\u00e4chsten Besuch wiederzuerkennen.<\/p><p>Sie k\u00f6nnen Ihren Browser so einstellen, dass Sie \u00fcber das Setzen von Cookies informiert werden und Cookies nur im Einzelfall erlauben, die Annahme von Cookies f\u00fcr bestimmte F\u00e4lle oder generell ausschlie\u00dfen sowie das automatische L\u00f6schen der Cookies beim Schlie\u00dfen des Browser aktivieren. Bei der Deaktivierung von Cookies kann die Funktionalit\u00e4t dieser Website eingeschr\u00e4nkt sein.<\/p><p>Cookies, die zur Durchf\u00fchrung des elektronischen Kommunikationsvorgangs oder zur Bereitstellung bestimmter, von Ihnen erw\u00fcnschter Funktionen (z.B. Warenkorbfunktion) erforderlich sind, werden auf Grundlage von Art. 6 Abs. 1 lit. f DSGVO gespeichert. Der Websitebetreiber hat ein berechtigtes Interesse an der Speicherung von Cookies zur technisch fehlerfreien und optimierten Bereitstellung seiner Dienste. Soweit andere Cookies (z.B. Cookies zur Analyse Ihres Surfverhaltens) gespeichert werden, werden diese in dieser Datenschutzerkl\u00e4rung gesondert behandelt.<\/p><p><strong>PLUGINS UND TOOLS<\/strong><\/p><p><strong>Google Maps<\/strong><\/p><p>Diese Seite nutzt \u00fcber eine API den Kartendienst Google Maps. Anbieter ist die Google Inc., 1600 Amphitheatre Parkway, Mountain View, CA 94043, USA.<\/p><p>Zum Schutz Ihrer Daten setzen wir das <a href=\"https:\/\/wordpress.org\/plugins\/exactly-gdpr-google-maps\/\" target=\"_blank\" rel=\"noopener noreferrer\">eXactly GDPR Google Maps Plugin<\/a> ein. Hierdurch wird zun\u00e4chst anstelle einer Karte ein farbiger Platzhalter geladen. Eine Daten\u00fcbertragung an Google findet dabei solange nicht statt, bis Sie auf den Zustimmungs-Button klicken. Erst in dem Moment wird die richtige Karte geladen und unsere Adresse in Google Maps angezeigt.<\/p><p>Sobald die Map geladen ist, ist es zur Nutzung der Funktionen von Google Maps notwendig, Ihre IP-Adresse zu speichern. Diese Informationen werden in der Regel an einen Server von Google in den USA \u00fcbertragen und dort gespeichert. Der Anbieter dieser Seite hat keinen Einfluss auf diese Daten\u00fcbertragung.<\/p><p>Die Nutzung von Google Maps erfolgt im Interesse einer ansprechenden Darstellung unserer Online-Angebote und an einer leichten Auffindbarkeit der von uns auf der Website angegebenen Orte. Dies stellt ein berechtigtes Interesse im Sinne von Art. 6 Abs. 1 lit. f DSGVO dar.<\/p><p>Mehr Informationen zum Umgang mit Nutzerdaten finden Sie in der Datenschutzerkl\u00e4rung von Google: <a href=\"https:\/\/policies.google.com\/privacy?hl=de\" target=\"_blank\" rel=\"noopener\">https:\/\/policies.google.com\/privacy?hl=de<\/a><\/p>\t\t\t\t\t\t<\/div>\n\t\t\t\t<\/div>\n\t\t\t\t\t<\/div>\n\t\t<\/div>\n\t\t\t\t\t\t\t<\/div>\n\t\t<\/section>\n\t\t\t\t<section class=\"elementor-section elementor-top-section elementor-element elementor-element-ce159b1 elementor-section-boxed elementor-section-height-default elementor-section-height-default\" data-id=\"ce159b1\" data-element_type=\"section\" data-settings=\"{&quot;background_background&quot;:&quot;classic&quot;}\">\n\t\t\t\t\t\t<div class=\"elementor-container elementor-column-gap-default\">\n\t\t\t\t\t<div class=\"elementor-column elementor-col-100 elementor-top-column elementor-element elementor-element-1c0084c\" data-id=\"1c0084c\" data-element_type=\"column\">\n\t\t\t<div class=\"elementor-widget-wrap elementor-element-populated\">\n\t\t\t\t\t\t\t\t<div class=\"elementor-element elementor-element-c41fd4c elementor-widget elementor-widget-heading\" data-id=\"c41fd4c\" data-element_type=\"widget\" data-widget_type=\"heading.default\">\n\t\t\t\t<div class=\"elementor-widget-container\">\n\t\t\t<h2 class=\"elementor-heading-title elementor-size-default\">\u043e\u0442\u043f\u0435\u0447\u0430\u0442\u043e\u043a<\/h2>\t\t<\/div>\n\t\t\t\t<\/div>\n\t\t\t\t<div class=\"elementor-element elementor-element-0bd9724 elementor-widget-divider--view-line elementor-invisible elementor-widget elementor-widget-divider\" data-id=\"0bd9724\" data-element_type=\"widget\" data-settings=\"{&quot;_animation&quot;:&quot;fadeInUp&quot;}\" data-widget_type=\"divider.default\">\n\t\t\t\t<div class=\"elementor-widget-container\">\n\t\t\t\t\t<div class=\"elementor-divider\">\n\t\t\t<span class=\"elementor-divider-separator\">\n\t\t\t\t\t\t<\/span>\n\t\t<\/div>\n\t\t\t\t<\/div>\n\t\t\t\t<\/div>\n\t\t\t\t<div class=\"elementor-element elementor-element-a8c4532 elementor-widget elementor-widget-text-editor\" data-id=\"a8c4532\" data-element_type=\"widget\" data-widget_type=\"text-editor.default\">\n\t\t\t\t<div class=\"elementor-widget-container\">\n\t\t\t\t\t\t\t<p><strong>KONTAKT<\/strong><\/p>\n<p>Privatpraxis f\u00fcr Psychotherapie Bergisch Gladbach<\/p>\n<p>Dipl.-Psychologin Helena Cheban-Scheele<\/p>\n<p>Alte Poststr. 2, 51545 Waldbr\u00f6l<\/p>\n<p>+49 (0) 178 506 602 2<\/p>\n<p>psychprax2011@yahoo.de<\/p>\n<p><strong>GESETZLICHE BERUFSBEZEICHNUNG<\/strong><\/p>\n<p>Diplom Psychologin als Psychologische Psychotherapeutin mit Zusatzqualifikationen f\u00fcr verhaltenstherapeutische Gruppenbehandlungen sowie Anwendung \u00fcbender und suggestiver Techniken<\/p>\n<p>Approbation als Psychologische Psychotherapeutin (erteilt durch Bezirksregierung K\u00f6ln)<\/p>\n<p>Arztregistereintrag Nr. 416972468 (Kassen\u00e4rztliche Vereinigung Nordrhein)<\/p>\n<p><strong>&nbsp;<\/strong><strong>ZUGEH\u00d6RIGE AUFSICHTSBEH\u00d6RDE<br><\/strong><\/p>\n<p>Psychotherapeutenkammer NRW<\/p>\n<p>Willst\u00e4tter Str. 10, 40549 D\u00fcsseldorf<\/p>\n<p>Telefon: 0211-52 28 47-0<\/p>\n<p>Fax: 0211-52 28 47- 15<\/p>\n<p>Web: www.ptk-nrw.de<\/p>\n<p><strong>BERUFSRECHTLICHE REGELUNGEN<br><\/strong><\/p>\n<p>Gesetz \u00fcber die Berufe des Psychologischen Psychotherapeuten und des Kinder- und Jugendlichenpsychotherapeuten (Psychotherapeutengesetz- PsychThG v. 16.06.1998 BGBI. I S. 1311, zuletzt ge\u00e4ndert am 20.06.2002 BGBI. I S. 1946, 1996)<\/p>\n<p><strong>HAFTUNGSHINWEIS<\/strong><\/p>\n<p>Trotz sorgf\u00e4ltiger inhaltlicher Kontrolle \u00fcbernehme ich keine Haftung f\u00fcr die Inhalte externer Links. F\u00fcr den Inhalt der verlinkten Seiten sind ausschlie\u00dflich deren Betreiber verantwortlich.<\/p>\n<p><strong>URHEBERRECHT<\/strong><\/p>\n<p>Die Inhalte und Werke auf diesen Seiten unterliegen dem deutschen Urheberrecht. Das alleinige Nutzungsrecht an den auf dieser Internetseite verwendeten Texten und Photos liegt bei Helena Cheban-Scheele. Die Vervielf\u00e4ltigung, Bearbeitung, Verbreitung und jede Art der Verwertung au\u00dferhalb der Grenzen des Urheberrechtes bed\u00fcrfen meiner schriftlichen Zustimmung . Downloads und Kopien dieser Seite sind nur f\u00fcr den privaten, nicht kommerziellen Gebrauch gestattet. Soweit die Inhalte auf dieser Seite nicht von mir erstellt wurden, werden die Urheberrechte Dritter beachtet. Insbesondere werden Inhalte Dritter als solche gekennzeichnet. Sollten Sie trotzdem auf eine Urheberrechtsverletzung aufmerksam werden, bitte ich um einen entsprechenden Hinweis. Bei Bekanntwerden von Rechtsverletzungen werde ich derartige Inhalte umgehend entfernen.<\/p>\t\t\t\t\t\t<\/div>\n\t\t\t\t<\/div>\n\t\t\t\t\t<\/div>\n\t\t<\/div>\n\t\t\t\t\t\t\t<\/div>\n\t\t<\/section>\n\t\t\t\t<section class=\"elementor-section elementor-top-section elementor-element elementor-element-74a0eb6 elementor-section-boxed elementor-section-height-default elementor-section-height-default\" data-id=\"74a0eb6\" data-element_type=\"section\" data-settings=\"{&quot;background_background&quot;:&quot;classic&quot;}\">\n\t\t\t\t\t\t<div class=\"elementor-container elementor-column-gap-default\">\n\t\t\t\t\t<div class=\"elementor-column elementor-col-50 elementor-top-column elementor-element elementor-element-87b7c77\" data-id=\"87b7c77\" data-element_type=\"column\">\n\t\t\t<div class=\"elementor-widget-wrap elementor-element-populated\">\n\t\t\t\t\t\t\t\t<div class=\"elementor-element elementor-element-cb6ca19 elementor-widget elementor-widget-text-editor\" data-id=\"cb6ca19\" data-element_type=\"widget\" data-widget_type=\"text-editor.default\">\n\t\t\t\t<div class=\"elementor-widget-container\">\n\t\t\t\t\t\t\t<p>\u00a9 Helena Cheban-Scheele<\/p>\t\t\t\t\t\t<\/div>\n\t\t\t\t<\/div>\n\t\t\t\t\t<\/div>\n\t\t<\/div>\n\t\t\t\t<div class=\"elementor-column elementor-col-50 elementor-top-column elementor-element elementor-element-7fc88e7\" data-id=\"7fc88e7\" data-element_type=\"column\">\n\t\t\t<div class=\"elementor-widget-wrap\">\n\t\t\t\t\t\t\t\t\t<\/div>\n\t\t<\/div>\n\t\t\t\t\t\t\t<\/div>\n\t\t<\/section>\n\t\t\t\t\t\t\t<\/div>","protected":false},"excerpt":{"rendered":"<p>Datenschutzerkl\u00e4rung Sehr geehrte Patienten meiner Praxis, der Schutz Ihrer personenbezogenen Daten ist mir wichtig. Nach der EU-Datenschutz-Grundverordnung (DSGVO) bin ich verpflichtet, Sie dar\u00fcber zu informieren, zu welchem Zweck unsere Praxis Daten erhebt, speichert oder weiterleitet. Der Information k\u00f6nnen Sie auch entnehmen, welche Rechte Sie in puncto Datenschutz haben. VERANTWORTLICHKEIT F\u00dcR DIE DATENVERARBEITUNG Verantwortlich f\u00fcr die [&hellip;]<\/p>","protected":false},"author":1,"featured_media":0,"parent":0,"menu_order":0,"comment_status":"closed","ping_status":"closed","template":"","meta":{"footnotes":""},"class_list":["post-26","page","type-page","status-publish","hentry","entry"],"yoast_head":"<!-- This site is optimized with the Yoast SEO plugin v19.14 - https:\/\/yoast.com\/wordpress\/plugins\/seo\/ -->\n<title>Datenschutz - Privatpraxis f\u00fcr Psychotherapie in Bergisch Gladbach<\/title>\n<meta name=\"robots\" content=\"index, follow, max-snippet:-1, max-image-preview:large, max-video-preview:-1\" \/>\n<link rel=\"canonical\" href=\"https:\/\/www.psychotherapie-cheban-scheele.de\/russisch\/datenschutz\/\" \/>\n<meta property=\"og:locale\" content=\"ru_RU\" \/>\n<meta property=\"og:type\" content=\"article\" \/>\n<meta property=\"og:title\" content=\"Datenschutz - Privatpraxis f\u00fcr Psychotherapie in Bergisch Gladbach\" \/>\n<meta property=\"og:description\" content=\"Datenschutzerkl\u00e4rung Sehr geehrte Patienten meiner Praxis, der Schutz Ihrer personenbezogenen Daten ist mir wichtig. Nach der EU-Datenschutz-Grundverordnung (DSGVO) bin ich verpflichtet, Sie dar\u00fcber zu informieren, zu welchem Zweck unsere Praxis Daten erhebt, speichert oder weiterleitet. Der Information k\u00f6nnen Sie auch entnehmen, welche Rechte Sie in puncto Datenschutz haben. VERANTWORTLICHKEIT F\u00dcR DIE DATENVERARBEITUNG Verantwortlich f\u00fcr die [&hellip;]\" \/>\n<meta property=\"og:url\" content=\"https:\/\/www.psychotherapie-cheban-scheele.de\/russisch\/datenschutz\/\" \/>\n<meta property=\"og:site_name\" content=\"Privatpraxis f\u00fcr Psychotherapie in Bergisch Gladbach\" \/>\n<meta property=\"article:modified_time\" content=\"2023-01-22T17:16:35+00:00\" \/>\n<meta name=\"twitter:card\" content=\"summary_large_image\" \/>\n<meta name=\"twitter:label1\" content=\"\u041f\u0440\u0438\u043c\u0435\u0440\u043d\u043e\u0435 \u0432\u0440\u0435\u043c\u044f \u0434\u043b\u044f \u0447\u0442\u0435\u043d\u0438\u044f\" \/>\n\t<meta name=\"twitter:data1\" content=\"6 \u043c\u0438\u043d\u0443\u0442\" \/>\n<script type=\"application\/ld+json\" class=\"yoast-schema-graph\">{\"@context\":\"https:\/\/schema.org\",\"@graph\":[{\"@type\":\"WebPage\",\"@id\":\"https:\/\/www.psychotherapie-cheban-scheele.de\/datenschutz\/\",\"url\":\"https:\/\/www.psychotherapie-cheban-scheele.de\/datenschutz\/\",\"name\":\"Datenschutz - Privatpraxis f\u00fcr Psychotherapie in Bergisch Gladbach\",\"isPartOf\":{\"@id\":\"https:\/\/www.psychotherapie-cheban-scheele.de\/#website\"},\"datePublished\":\"2021-06-07T11:16:48+00:00\",\"dateModified\":\"2023-01-22T17:16:35+00:00\",\"breadcrumb\":{\"@id\":\"https:\/\/www.psychotherapie-cheban-scheele.de\/datenschutz\/#breadcrumb\"},\"inLanguage\":\"ru-RU\",\"potentialAction\":[{\"@type\":\"ReadAction\",\"target\":[\"https:\/\/www.psychotherapie-cheban-scheele.de\/datenschutz\/\"]}]},{\"@type\":\"BreadcrumbList\",\"@id\":\"https:\/\/www.psychotherapie-cheban-scheele.de\/datenschutz\/#breadcrumb\",\"itemListElement\":[{\"@type\":\"ListItem\",\"position\":1,\"name\":\"Startseite\",\"item\":\"https:\/\/www.psychotherapie-cheban-scheele.de\/\"},{\"@type\":\"ListItem\",\"position\":2,\"name\":\"Datenschutz\"}]},{\"@type\":\"WebSite\",\"@id\":\"https:\/\/www.psychotherapie-cheban-scheele.de\/#website\",\"url\":\"https:\/\/www.psychotherapie-cheban-scheele.de\/\",\"name\":\"Privatpraxis f\u00fcr Psychotherapie in Bergisch Gladbach\",\"description\":\"Helena Cheban-Scheele\",\"potentialAction\":[{\"@type\":\"SearchAction\",\"target\":{\"@type\":\"EntryPoint\",\"urlTemplate\":\"https:\/\/www.psychotherapie-cheban-scheele.de\/?s={search_term_string}\"},\"query-input\":\"required name=search_term_string\"}],\"inLanguage\":\"ru-RU\"}]}<\/script>\n<!-- \/ Yoast SEO plugin. -->","yoast_head_json":{"title":"Datenschutz - Privatpraxis f\u00fcr Psychotherapie in Bergisch Gladbach","robots":{"index":"index","follow":"follow","max-snippet":"max-snippet:-1","max-image-preview":"max-image-preview:large","max-video-preview":"max-video-preview:-1"},"canonical":"https:\/\/www.psychotherapie-cheban-scheele.de\/russisch\/datenschutz\/","og_locale":"ru_RU","og_type":"article","og_title":"Datenschutz - Privatpraxis f\u00fcr Psychotherapie in Bergisch Gladbach","og_description":"Datenschutzerkl\u00e4rung Sehr geehrte Patienten meiner Praxis, der Schutz Ihrer personenbezogenen Daten ist mir wichtig. Nach der EU-Datenschutz-Grundverordnung (DSGVO) bin ich verpflichtet, Sie dar\u00fcber zu informieren, zu welchem Zweck unsere Praxis Daten erhebt, speichert oder weiterleitet. Der Information k\u00f6nnen Sie auch entnehmen, welche Rechte Sie in puncto Datenschutz haben. VERANTWORTLICHKEIT F\u00dcR DIE DATENVERARBEITUNG Verantwortlich f\u00fcr die [&hellip;]","og_url":"https:\/\/www.psychotherapie-cheban-scheele.de\/russisch\/datenschutz\/","og_site_name":"Privatpraxis f\u00fcr Psychotherapie in Bergisch Gladbach","article_modified_time":"2023-01-22T17:16:35+00:00","twitter_card":"summary_large_image","twitter_misc":{"\u041f\u0440\u0438\u043c\u0435\u0440\u043d\u043e\u0435 \u0432\u0440\u0435\u043c\u044f \u0434\u043b\u044f \u0447\u0442\u0435\u043d\u0438\u044f":"6 \u043c\u0438\u043d\u0443\u0442"},"schema":{"@context":"https:\/\/schema.org","@graph":[{"@type":"WebPage","@id":"https:\/\/www.psychotherapie-cheban-scheele.de\/datenschutz\/","url":"https:\/\/www.psychotherapie-cheban-scheele.de\/datenschutz\/","name":"Datenschutz - Privatpraxis f\u00fcr Psychotherapie in Bergisch Gladbach","isPartOf":{"@id":"https:\/\/www.psychotherapie-cheban-scheele.de\/#website"},"datePublished":"2021-06-07T11:16:48+00:00","dateModified":"2023-01-22T17:16:35+00:00","breadcrumb":{"@id":"https:\/\/www.psychotherapie-cheban-scheele.de\/datenschutz\/#breadcrumb"},"inLanguage":"ru-RU","potentialAction":[{"@type":"ReadAction","target":["https:\/\/www.psychotherapie-cheban-scheele.de\/datenschutz\/"]}]},{"@type":"BreadcrumbList","@id":"https:\/\/www.psychotherapie-cheban-scheele.de\/datenschutz\/#breadcrumb","itemListElement":[{"@type":"ListItem","position":1,"name":"Startseite","item":"https:\/\/www.psychotherapie-cheban-scheele.de\/"},{"@type":"ListItem","position":2,"name":"Datenschutz"}]},{"@type":"WebSite","@id":"https:\/\/www.psychotherapie-cheban-scheele.de\/#website","url":"https:\/\/www.psychotherapie-cheban-scheele.de\/","name":"Privatpraxis f\u00fcr Psychotherapie in Bergisch Gladbach","description":"Helena Cheban-Scheele","potentialAction":[{"@type":"SearchAction","target":{"@type":"EntryPoint","urlTemplate":"https:\/\/www.psychotherapie-cheban-scheele.de\/?s={search_term_string}"},"query-input":"required name=search_term_string"}],"inLanguage":"ru-RU"}]}},"_links":{"self":[{"href":"https:\/\/www.psychotherapie-cheban-scheele.de\/russisch\/wp-json\/wp\/v2\/pages\/26","targetHints":{"allow":["GET"]}}],"collection":[{"href":"https:\/\/www.psychotherapie-cheban-scheele.de\/russisch\/wp-json\/wp\/v2\/pages"}],"about":[{"href":"https:\/\/www.psychotherapie-cheban-scheele.de\/russisch\/wp-json\/wp\/v2\/types\/page"}],"author":[{"embeddable":true,"href":"https:\/\/www.psychotherapie-cheban-scheele.de\/russisch\/wp-json\/wp\/v2\/users\/1"}],"replies":[{"embeddable":true,"href":"https:\/\/www.psychotherapie-cheban-scheele.de\/russisch\/wp-json\/wp\/v2\/comments?post=26"}],"version-history":[{"count":45,"href":"https:\/\/www.psychotherapie-cheban-scheele.de\/russisch\/wp-json\/wp\/v2\/pages\/26\/revisions"}],"predecessor-version":[{"id":361,"href":"https:\/\/www.psychotherapie-cheban-scheele.de\/russisch\/wp-json\/wp\/v2\/pages\/26\/revisions\/361"}],"wp:attachment":[{"href":"https:\/\/www.psychotherapie-cheban-scheele.de\/russisch\/wp-json\/wp\/v2\/media?parent=26"}],"curies":[{"name":"wp","href":"https:\/\/api.w.org\/{rel}","templated":true}]}}